{"id":985,"date":"2024-08-28T15:46:41","date_gmt":"2024-08-28T13:46:41","guid":{"rendered":"https:\/\/psicohabit.es\/?page_id=985"},"modified":"2024-09-01T20:18:35","modified_gmt":"2024-09-01T18:18:35","slug":"politica-de-cookies","status":"publish","type":"page","link":"https:\/\/psicohabit.es\/en\/politica-de-cookies\/","title":{"rendered":"Cookies policy"},"content":{"rendered":"<div data-elementor-type=\"wp-page\" data-elementor-id=\"985\" class=\"elementor elementor-985\" data-elementor-post-type=\"page\">\n\t\t\t\t<div class=\"elementor-element elementor-element-77457fd e-con-full e-flex wpr-particle-no wpr-jarallax-no wpr-parallax-no wpr-sticky-section-no wpr-equal-height-no e-con e-parent\" data-id=\"77457fd\" data-element_type=\"container\" data-e-type=\"container\" data-settings=\"{&quot;background_background&quot;:&quot;classic&quot;}\">\n\t\t\t\t<\/div>\n\t\t<div class=\"elementor-element elementor-element-0248108 e-flex e-con-boxed wpr-particle-no wpr-jarallax-no wpr-parallax-no wpr-sticky-section-no wpr-equal-height-no e-con e-parent\" data-id=\"0248108\" data-element_type=\"container\" data-e-type=\"container\">\n\t\t\t\t\t<div class=\"e-con-inner\">\n\t\t\t\t<div class=\"elementor-element elementor-element-256c69c elementor-widget elementor-widget-text-editor\" data-id=\"256c69c\" data-element_type=\"widget\" data-e-type=\"widget\" data-widget_type=\"text-editor.default\">\n\t\t\t\t<div class=\"elementor-widget-container\">\n\t\t\t\t\t\t\t\t\t<p>Access to this Website may involve the use of cookies. Cookies are small amounts of information that are stored in the browser used by each User - in the different devices that may be used to browse - so that the server remembers certain information that will subsequently be read only by the server that implemented it. Cookies make browsing easier, more user-friendly and do not damage the browsing device.<\/p><p>Cookies are automatic procedures for collecting information relating to the preferences determined by the User during his\/her visit to the Website in order to recognise him\/her as a User, and to personalise his\/her experience and use of the Website, and may also, for example, help to identify and resolve errors.<\/p><p>The information collected through cookies may include the date and time of visits to the Website, the pages viewed, the time spent on the Website and the sites visited just before and just after the Website. However, no cookie allows this cookie to contact the User's telephone number or any other means of personal contact. No cookie can extract information from the User's hard drive or steal personal information. The only way for the User's private information to be part of the Cookie file is for the User to personally give that information to the server.<\/p><p>Cookies that allow a person to be identified are considered personal data. Therefore, the aforementioned Privacy Policy shall apply to them. In this regard, the User's consent is required for the use of cookies. This consent will be communicated, on the basis of a genuine choice, offered by means of an affirmative and positive decision, prior to the initial processing, removable and documented.<\/p><div class=\"\"><h4>Own cookies<\/h4><p>These are cookies that are sent to the User's computer or device and are exclusively managed by\u00a0<span class=\"blanc-space ng-binding\">Cristina de Armas Psychological Clinic<\/span>\u00a0for the better functioning of the Website. The information collected is used to improve the quality of the Website and its Content and your experience as a User. These cookies make it possible to recognise the User as a recurring visitor to the Website and to adapt the content to offer him\/her content that is tailored to his\/her preferences.<\/p><\/div><div class=\"\"><h4>Social media cookies<\/h4><p><span class=\"blanc-space ng-binding\">Cristina de Armas Psychological Clinic<\/span>\u00a0incorporates social media plugins, which allow access to social networks from the Website. For this reason, social network cookies may be stored in the User's browser. The owners of these social networks have their own data protection and cookie policies, being themselves, in each case, responsible for their own files and their own privacy practices. The User should refer to them for information about these cookies and, where appropriate, the processing of their personal data. For information purposes only, the links where these privacy and\/or cookie policies can be consulted are indicated below:<\/p><ul><li>Facebook:\u00a0<a class=\"text-info\" href=\"https:\/\/www.facebook.com\/policies\/cookies\/\">https:\/\/www.facebook.com\/policies\/cookies\/<\/a><\/li><li>Twitter:\u00a0<a class=\"text-info\" href=\"https:\/\/twitter.com\/es\/privacy\">https:\/\/twitter.com\/es\/privacy<\/a><\/li><li>Instagram:\u00a0<a class=\"text-info\" href=\"https:\/\/help.instagram.com\/1896641480634370?ref=ig\">https:\/\/help.instagram.com\/1896641480634370?ref=ig<\/a><\/li><li>YouTube:\u00a0<a class=\"text-info\" href=\"https:\/\/policies.google.com\/privacy?hl=es-419&amp;gl=mx\">https:\/\/policies.google.com\/privacy?hl=es-419&amp;gl=mx<\/a><\/li><li>Pinterest:\u00a0<a class=\"text-info\" href=\"https:\/\/policy.pinterest.com\/es\/privacy-policy\">https:\/\/policy.pinterest.com\/es\/privacy-policy<\/a><\/li><li>LinkedIn:\u00a0<a class=\"text-info\" href=\"https:\/\/www.linkedin.com\/legal\/cookie-policy?trk=hp-cookies\">https:\/\/www.linkedin.com\/legal\/cookie-policy?trk=hp-cookies<\/a><\/li><\/ul><\/div><h4>Disabling, rejecting and deleting cookies<\/h4><p>The User may disable, reject and delete cookies - in whole or in part - installed on their device by configuring their browser (including, for example, Chrome, Firefox, Safari, Explorer). In this regard, the procedures for rejecting and deleting cookies may differ from one Internet browser to another. Consequently, the User must follow the instructions provided by the Internet browser that he\/she is using. In the event that you reject the use of cookies - totally or partially - you may continue to use the Website, although the use of some of its features may be limited.<\/p>\t\t\t\t\t\t\t\t<\/div>\n\t\t\t\t<\/div>\n\t\t\t\t\t<\/div>\n\t\t\t\t<\/div>\n\t\t\t\t<\/div>","protected":false},"excerpt":{"rendered":"<p>El acceso a este Sitio Web puede implicar la utilizaci\u00f3n de cookies. Las cookies son peque\u00f1as cantidades de informaci\u00f3n que se almacenan en el navegador utilizado por cada Usuario \u2014en los distintos dispositivos que pueda utilizar para navegar\u2014 para que el servidor recuerde cierta informaci\u00f3n que posteriormente y \u00fanicamente el servidor que la implement\u00f3 leer\u00e1. Las cookies facilitan la navegaci\u00f3n, la hacen m\u00e1s amigable, y no da\u00f1an el dispositivo de navegaci\u00f3n. Las cookies son procedimientos autom\u00e1ticos de recogida de informaci\u00f3n relativa a las preferencias determinadas por el Usuario durante su visita al Sitio Web con el fin de reconocerlo como Usuario, y personalizar su experiencia y el uso del Sitio Web, y pueden tambi\u00e9n, por ejemplo, ayudar a identificar y resolver errores. La informaci\u00f3n recabada a trav\u00e9s de las cookies puede incluir la fecha y hora de visitas al Sitio Web, las p\u00e1ginas visionadas, el tiempo que ha estado en el Sitio Web y los sitios visitados justo antes y despu\u00e9s del mismo. Sin embargo, ninguna cookie permite que esta misma pueda contactarse con el n\u00famero de tel\u00e9fono del Usuario o con cualquier otro medio de contacto personal. Ninguna cookie puede extraer informaci\u00f3n del disco duro del Usuario o robar informaci\u00f3n personal. La \u00fanica manera de que la informaci\u00f3n privada del Usuario forme parte del archivo Cookie es que el usuario d\u00e9 personalmente esa informaci\u00f3n al servidor. Las cookies que permiten identificar a una persona se consideran datos personales. Por tanto, a las mismas les ser\u00e1 de aplicaci\u00f3n la Pol\u00edtica de Privacidad anteriormente descrita. En este sentido, para la utilizaci\u00f3n de las mismas ser\u00e1 necesario el consentimiento del Usuario. Este consentimiento ser\u00e1 comunicado, en base a una elecci\u00f3n aut\u00e9ntica, ofrecido mediante una decisi\u00f3n afirmativa y positiva, antes del tratamiento inicial, removible y documentado. Cookies propias Son aquellas cookies que son enviadas al ordenador o dispositivo del Usuario y gestionadas exclusivamente por\u00a0Cl\u00ednica Psicol\u00f3gica Cristina de Armas\u00a0para el mejor funcionamiento del Sitio Web. La informaci\u00f3n que se recaba se emplea para mejorar la calidad del Sitio Web y su Contenido y su experiencia como Usuario. Estas cookies permiten reconocer al Usuario como visitante recurrente del Sitio Web y adaptar el contenido para ofrecerle contenidos que se ajusten a sus preferencias. Cookies de redes sociales Cl\u00ednica Psicol\u00f3gica Cristina de Armas\u00a0incorpora plugins de redes sociales, que permiten acceder a las mismas a partir del Sitio Web. Por esta raz\u00f3n, las cookies de redes sociales pueden almacenarse en el navegador del Usuario. Los titulares de dichas redes sociales disponen de sus propias pol\u00edticas de protecci\u00f3n de datos y de cookies, siendo ellos mismos, en cada caso, responsables de sus propios ficheros y de sus propias pr\u00e1cticas de privacidad. El Usuario debe referirse a las mismas para informarse acerca de dichas cookies y, en su caso, del tratamiento de sus datos personales. \u00danicamente a t\u00edtulo informativo se indican a continuaci\u00f3n los enlaces en los que se pueden consultar dichas pol\u00edticas de privacidad y\/o de cookies: Facebook:\u00a0https:\/\/www.facebook.com\/policies\/cookies\/ Twitter:\u00a0https:\/\/twitter.com\/es\/privacy Instagram:\u00a0https:\/\/help.instagram.com\/1896641480634370?ref=ig YouTube:\u00a0https:\/\/policies.google.com\/privacy?hl=es-419&amp;gl=mx Pinterest:\u00a0https:\/\/policy.pinterest.com\/es\/privacy-policy LinkedIn:\u00a0https:\/\/www.linkedin.com\/legal\/cookie-policy?trk=hp-cookies Deshabilitar, rechazar y eliminar cookies El Usuario puede deshabilitar, rechazar y eliminar las cookies \u2014total o parcialmente\u2014 instaladas en su dispositivo mediante la configuraci\u00f3n de su navegador (entre los que se encuentran, por ejemplo, Chrome, Firefox, Safari, Explorer). En este sentido, los procedimientos para rechazar y eliminar las cookies pueden diferir de un navegador de Internet a otro. En consecuencia, el Usuario debe acudir a las instrucciones facilitadas por el propio navegador de Internet que est\u00e9 utilizando. En el supuesto de que rechace el uso de cookies \u2014total o parcialmente\u2014 podr\u00e1 seguir usando el Sitio Web, si bien podr\u00e1 tener limitada la utilizaci\u00f3n de algunas de las prestaciones del mismo.<\/p>","protected":false},"author":6,"featured_media":0,"parent":0,"menu_order":0,"comment_status":"closed","ping_status":"closed","template":"","meta":{"footnotes":""},"class_list":["post-985","page","type-page","status-publish","hentry"],"yoast_head":"<!-- This site is optimized with the Yoast SEO plugin v27.4 - https:\/\/yoast.com\/product\/yoast-seo-wordpress\/ -->\n<title>Pol\u00edtica de cookies - Clinica Psicol\u00f3gica Cristina de Armas<\/title>\n<meta name=\"robots\" content=\"index, follow, max-snippet:-1, max-image-preview:large, max-video-preview:-1\" \/>\n<link rel=\"canonical\" href=\"https:\/\/psicohabit.es\/en\/politica-de-cookies\/\" \/>\n<meta property=\"og:locale\" content=\"en_GB\" \/>\n<meta property=\"og:type\" content=\"article\" \/>\n<meta property=\"og:title\" content=\"Pol\u00edtica de cookies - Clinica Psicol\u00f3gica Cristina de Armas\" \/>\n<meta property=\"og:description\" content=\"El acceso a este Sitio Web puede implicar la utilizaci\u00f3n de cookies. Las cookies son peque\u00f1as cantidades de informaci\u00f3n que se almacenan en el navegador utilizado por cada Usuario \u2014en los distintos dispositivos que pueda utilizar para navegar\u2014 para que el servidor recuerde cierta informaci\u00f3n que posteriormente y \u00fanicamente el servidor que la implement\u00f3 leer\u00e1. Las cookies facilitan la navegaci\u00f3n, la hacen m\u00e1s amigable, y no da\u00f1an el dispositivo de navegaci\u00f3n. Las cookies son procedimientos autom\u00e1ticos de recogida de informaci\u00f3n relativa a las preferencias determinadas por el Usuario durante su visita al Sitio Web con el fin de reconocerlo como Usuario, y personalizar su experiencia y el uso del Sitio Web, y pueden tambi\u00e9n, por ejemplo, ayudar a identificar y resolver errores. La informaci\u00f3n recabada a trav\u00e9s de las cookies puede incluir la fecha y hora de visitas al Sitio Web, las p\u00e1ginas visionadas, el tiempo que ha estado en el Sitio Web y los sitios visitados justo antes y despu\u00e9s del mismo. Sin embargo, ninguna cookie permite que esta misma pueda contactarse con el n\u00famero de tel\u00e9fono del Usuario o con cualquier otro medio de contacto personal. Ninguna cookie puede extraer informaci\u00f3n del disco duro del Usuario o robar informaci\u00f3n personal. La \u00fanica manera de que la informaci\u00f3n privada del Usuario forme parte del archivo Cookie es que el usuario d\u00e9 personalmente esa informaci\u00f3n al servidor. Las cookies que permiten identificar a una persona se consideran datos personales. Por tanto, a las mismas les ser\u00e1 de aplicaci\u00f3n la Pol\u00edtica de Privacidad anteriormente descrita. En este sentido, para la utilizaci\u00f3n de las mismas ser\u00e1 necesario el consentimiento del Usuario. Este consentimiento ser\u00e1 comunicado, en base a una elecci\u00f3n aut\u00e9ntica, ofrecido mediante una decisi\u00f3n afirmativa y positiva, antes del tratamiento inicial, removible y documentado. Cookies propias Son aquellas cookies que son enviadas al ordenador o dispositivo del Usuario y gestionadas exclusivamente por\u00a0Cl\u00ednica Psicol\u00f3gica Cristina de Armas\u00a0para el mejor funcionamiento del Sitio Web. La informaci\u00f3n que se recaba se emplea para mejorar la calidad del Sitio Web y su Contenido y su experiencia como Usuario. Estas cookies permiten reconocer al Usuario como visitante recurrente del Sitio Web y adaptar el contenido para ofrecerle contenidos que se ajusten a sus preferencias. Cookies de redes sociales Cl\u00ednica Psicol\u00f3gica Cristina de Armas\u00a0incorpora plugins de redes sociales, que permiten acceder a las mismas a partir del Sitio Web. Por esta raz\u00f3n, las cookies de redes sociales pueden almacenarse en el navegador del Usuario. Los titulares de dichas redes sociales disponen de sus propias pol\u00edticas de protecci\u00f3n de datos y de cookies, siendo ellos mismos, en cada caso, responsables de sus propios ficheros y de sus propias pr\u00e1cticas de privacidad. El Usuario debe referirse a las mismas para informarse acerca de dichas cookies y, en su caso, del tratamiento de sus datos personales. \u00danicamente a t\u00edtulo informativo se indican a continuaci\u00f3n los enlaces en los que se pueden consultar dichas pol\u00edticas de privacidad y\/o de cookies: Facebook:\u00a0https:\/\/www.facebook.com\/policies\/cookies\/ Twitter:\u00a0https:\/\/twitter.com\/es\/privacy Instagram:\u00a0https:\/\/help.instagram.com\/1896641480634370?ref=ig YouTube:\u00a0https:\/\/policies.google.com\/privacy?hl=es-419&amp;gl=mx Pinterest:\u00a0https:\/\/policy.pinterest.com\/es\/privacy-policy LinkedIn:\u00a0https:\/\/www.linkedin.com\/legal\/cookie-policy?trk=hp-cookies Deshabilitar, rechazar y eliminar cookies El Usuario puede deshabilitar, rechazar y eliminar las cookies \u2014total o parcialmente\u2014 instaladas en su dispositivo mediante la configuraci\u00f3n de su navegador (entre los que se encuentran, por ejemplo, Chrome, Firefox, Safari, Explorer). En este sentido, los procedimientos para rechazar y eliminar las cookies pueden diferir de un navegador de Internet a otro. En consecuencia, el Usuario debe acudir a las instrucciones facilitadas por el propio navegador de Internet que est\u00e9 utilizando. En el supuesto de que rechace el uso de cookies \u2014total o parcialmente\u2014 podr\u00e1 seguir usando el Sitio Web, si bien podr\u00e1 tener limitada la utilizaci\u00f3n de algunas de las prestaciones del mismo.\" \/>\n<meta property=\"og:url\" content=\"https:\/\/psicohabit.es\/en\/politica-de-cookies\/\" \/>\n<meta property=\"og:site_name\" content=\"Clinica Psicol\u00f3gica Cristina de Armas\" \/>\n<meta property=\"article:modified_time\" content=\"2024-09-01T18:18:35+00:00\" \/>\n<meta name=\"twitter:card\" content=\"summary_large_image\" \/>\n<meta name=\"twitter:label1\" content=\"Estimated reading time\" \/>\n\t<meta name=\"twitter:data1\" content=\"3 minutes\" \/>\n<script type=\"application\/ld+json\" class=\"yoast-schema-graph\">{\"@context\":\"https:\\\/\\\/schema.org\",\"@graph\":[{\"@type\":\"WebPage\",\"@id\":\"https:\\\/\\\/psicohabit.es\\\/politica-de-cookies\\\/\",\"url\":\"https:\\\/\\\/psicohabit.es\\\/politica-de-cookies\\\/\",\"name\":\"Pol\u00edtica de cookies - Clinica Psicol\u00f3gica Cristina de Armas\",\"isPartOf\":{\"@id\":\"https:\\\/\\\/psicohabit.es\\\/#website\"},\"datePublished\":\"2024-08-28T13:46:41+00:00\",\"dateModified\":\"2024-09-01T18:18:35+00:00\",\"breadcrumb\":{\"@id\":\"https:\\\/\\\/psicohabit.es\\\/politica-de-cookies\\\/#breadcrumb\"},\"inLanguage\":\"en-GB\",\"potentialAction\":[{\"@type\":\"ReadAction\",\"target\":[\"https:\\\/\\\/psicohabit.es\\\/politica-de-cookies\\\/\"]}]},{\"@type\":\"BreadcrumbList\",\"@id\":\"https:\\\/\\\/psicohabit.es\\\/politica-de-cookies\\\/#breadcrumb\",\"itemListElement\":[{\"@type\":\"ListItem\",\"position\":1,\"name\":\"Portada\",\"item\":\"https:\\\/\\\/psicohabit.es\\\/\"},{\"@type\":\"ListItem\",\"position\":2,\"name\":\"Pol\u00edtica de cookies\"}]},{\"@type\":\"WebSite\",\"@id\":\"https:\\\/\\\/psicohabit.es\\\/#website\",\"url\":\"https:\\\/\\\/psicohabit.es\\\/\",\"name\":\"Clinica Psicol\u00f3gica Cristina de Armas\",\"description\":\"Servicios de psicolog\u00eda en Madrid y on-line\",\"publisher\":{\"@id\":\"https:\\\/\\\/psicohabit.es\\\/#organization\"},\"potentialAction\":[{\"@type\":\"SearchAction\",\"target\":{\"@type\":\"EntryPoint\",\"urlTemplate\":\"https:\\\/\\\/psicohabit.es\\\/?s={search_term_string}\"},\"query-input\":{\"@type\":\"PropertyValueSpecification\",\"valueRequired\":true,\"valueName\":\"search_term_string\"}}],\"inLanguage\":\"en-GB\"},{\"@type\":\"Organization\",\"@id\":\"https:\\\/\\\/psicohabit.es\\\/#organization\",\"name\":\"Clinica Psicol\u00f3gica Cristina de Armas\",\"url\":\"https:\\\/\\\/psicohabit.es\\\/\",\"logo\":{\"@type\":\"ImageObject\",\"inLanguage\":\"en-GB\",\"@id\":\"https:\\\/\\\/psicohabit.es\\\/#\\\/schema\\\/logo\\\/image\\\/\",\"url\":\"https:\\\/\\\/psicohabit.es\\\/wp-content\\\/uploads\\\/2024\\\/05\\\/logo-ph.png\",\"contentUrl\":\"https:\\\/\\\/psicohabit.es\\\/wp-content\\\/uploads\\\/2024\\\/05\\\/logo-ph.png\",\"width\":274,\"height\":144,\"caption\":\"Clinica Psicol\u00f3gica Cristina de Armas\"},\"image\":{\"@id\":\"https:\\\/\\\/psicohabit.es\\\/#\\\/schema\\\/logo\\\/image\\\/\"}}]}<\/script>\n<!-- \/ Yoast SEO plugin. -->","yoast_head_json":{"title":"Pol\u00edtica de cookies - Clinica Psicol\u00f3gica Cristina de Armas","robots":{"index":"index","follow":"follow","max-snippet":"max-snippet:-1","max-image-preview":"max-image-preview:large","max-video-preview":"max-video-preview:-1"},"canonical":"https:\/\/psicohabit.es\/en\/politica-de-cookies\/","og_locale":"en_GB","og_type":"article","og_title":"Pol\u00edtica de cookies - Clinica Psicol\u00f3gica Cristina de Armas","og_description":"El acceso a este Sitio Web puede implicar la utilizaci\u00f3n de cookies. Las cookies son peque\u00f1as cantidades de informaci\u00f3n que se almacenan en el navegador utilizado por cada Usuario \u2014en los distintos dispositivos que pueda utilizar para navegar\u2014 para que el servidor recuerde cierta informaci\u00f3n que posteriormente y \u00fanicamente el servidor que la implement\u00f3 leer\u00e1. Las cookies facilitan la navegaci\u00f3n, la hacen m\u00e1s amigable, y no da\u00f1an el dispositivo de navegaci\u00f3n. Las cookies son procedimientos autom\u00e1ticos de recogida de informaci\u00f3n relativa a las preferencias determinadas por el Usuario durante su visita al Sitio Web con el fin de reconocerlo como Usuario, y personalizar su experiencia y el uso del Sitio Web, y pueden tambi\u00e9n, por ejemplo, ayudar a identificar y resolver errores. La informaci\u00f3n recabada a trav\u00e9s de las cookies puede incluir la fecha y hora de visitas al Sitio Web, las p\u00e1ginas visionadas, el tiempo que ha estado en el Sitio Web y los sitios visitados justo antes y despu\u00e9s del mismo. Sin embargo, ninguna cookie permite que esta misma pueda contactarse con el n\u00famero de tel\u00e9fono del Usuario o con cualquier otro medio de contacto personal. Ninguna cookie puede extraer informaci\u00f3n del disco duro del Usuario o robar informaci\u00f3n personal. La \u00fanica manera de que la informaci\u00f3n privada del Usuario forme parte del archivo Cookie es que el usuario d\u00e9 personalmente esa informaci\u00f3n al servidor. Las cookies que permiten identificar a una persona se consideran datos personales. Por tanto, a las mismas les ser\u00e1 de aplicaci\u00f3n la Pol\u00edtica de Privacidad anteriormente descrita. En este sentido, para la utilizaci\u00f3n de las mismas ser\u00e1 necesario el consentimiento del Usuario. Este consentimiento ser\u00e1 comunicado, en base a una elecci\u00f3n aut\u00e9ntica, ofrecido mediante una decisi\u00f3n afirmativa y positiva, antes del tratamiento inicial, removible y documentado. Cookies propias Son aquellas cookies que son enviadas al ordenador o dispositivo del Usuario y gestionadas exclusivamente por\u00a0Cl\u00ednica Psicol\u00f3gica Cristina de Armas\u00a0para el mejor funcionamiento del Sitio Web. La informaci\u00f3n que se recaba se emplea para mejorar la calidad del Sitio Web y su Contenido y su experiencia como Usuario. Estas cookies permiten reconocer al Usuario como visitante recurrente del Sitio Web y adaptar el contenido para ofrecerle contenidos que se ajusten a sus preferencias. Cookies de redes sociales Cl\u00ednica Psicol\u00f3gica Cristina de Armas\u00a0incorpora plugins de redes sociales, que permiten acceder a las mismas a partir del Sitio Web. Por esta raz\u00f3n, las cookies de redes sociales pueden almacenarse en el navegador del Usuario. Los titulares de dichas redes sociales disponen de sus propias pol\u00edticas de protecci\u00f3n de datos y de cookies, siendo ellos mismos, en cada caso, responsables de sus propios ficheros y de sus propias pr\u00e1cticas de privacidad. El Usuario debe referirse a las mismas para informarse acerca de dichas cookies y, en su caso, del tratamiento de sus datos personales. \u00danicamente a t\u00edtulo informativo se indican a continuaci\u00f3n los enlaces en los que se pueden consultar dichas pol\u00edticas de privacidad y\/o de cookies: Facebook:\u00a0https:\/\/www.facebook.com\/policies\/cookies\/ Twitter:\u00a0https:\/\/twitter.com\/es\/privacy Instagram:\u00a0https:\/\/help.instagram.com\/1896641480634370?ref=ig YouTube:\u00a0https:\/\/policies.google.com\/privacy?hl=es-419&amp;gl=mx Pinterest:\u00a0https:\/\/policy.pinterest.com\/es\/privacy-policy LinkedIn:\u00a0https:\/\/www.linkedin.com\/legal\/cookie-policy?trk=hp-cookies Deshabilitar, rechazar y eliminar cookies El Usuario puede deshabilitar, rechazar y eliminar las cookies \u2014total o parcialmente\u2014 instaladas en su dispositivo mediante la configuraci\u00f3n de su navegador (entre los que se encuentran, por ejemplo, Chrome, Firefox, Safari, Explorer). En este sentido, los procedimientos para rechazar y eliminar las cookies pueden diferir de un navegador de Internet a otro. En consecuencia, el Usuario debe acudir a las instrucciones facilitadas por el propio navegador de Internet que est\u00e9 utilizando. En el supuesto de que rechace el uso de cookies \u2014total o parcialmente\u2014 podr\u00e1 seguir usando el Sitio Web, si bien podr\u00e1 tener limitada la utilizaci\u00f3n de algunas de las prestaciones del mismo.","og_url":"https:\/\/psicohabit.es\/en\/politica-de-cookies\/","og_site_name":"Clinica Psicol\u00f3gica Cristina de Armas","article_modified_time":"2024-09-01T18:18:35+00:00","twitter_card":"summary_large_image","twitter_misc":{"Estimated reading time":"3 minutes"},"schema":{"@context":"https:\/\/schema.org","@graph":[{"@type":"WebPage","@id":"https:\/\/psicohabit.es\/politica-de-cookies\/","url":"https:\/\/psicohabit.es\/politica-de-cookies\/","name":"Pol\u00edtica de cookies - Clinica Psicol\u00f3gica Cristina de Armas","isPartOf":{"@id":"https:\/\/psicohabit.es\/#website"},"datePublished":"2024-08-28T13:46:41+00:00","dateModified":"2024-09-01T18:18:35+00:00","breadcrumb":{"@id":"https:\/\/psicohabit.es\/politica-de-cookies\/#breadcrumb"},"inLanguage":"en-GB","potentialAction":[{"@type":"ReadAction","target":["https:\/\/psicohabit.es\/politica-de-cookies\/"]}]},{"@type":"BreadcrumbList","@id":"https:\/\/psicohabit.es\/politica-de-cookies\/#breadcrumb","itemListElement":[{"@type":"ListItem","position":1,"name":"Portada","item":"https:\/\/psicohabit.es\/"},{"@type":"ListItem","position":2,"name":"Pol\u00edtica de cookies"}]},{"@type":"WebSite","@id":"https:\/\/psicohabit.es\/#website","url":"https:\/\/psicohabit.es\/","name":"Cristina de Armas Psychological Clinic","description":"Psychological services in Madrid and on-line","publisher":{"@id":"https:\/\/psicohabit.es\/#organization"},"potentialAction":[{"@type":"SearchAction","target":{"@type":"EntryPoint","urlTemplate":"https:\/\/psicohabit.es\/?s={search_term_string}"},"query-input":{"@type":"PropertyValueSpecification","valueRequired":true,"valueName":"search_term_string"}}],"inLanguage":"en-GB"},{"@type":"Organization","@id":"https:\/\/psicohabit.es\/#organization","name":"Cristina de Armas Psychological Clinic","url":"https:\/\/psicohabit.es\/","logo":{"@type":"ImageObject","inLanguage":"en-GB","@id":"https:\/\/psicohabit.es\/#\/schema\/logo\/image\/","url":"https:\/\/psicohabit.es\/wp-content\/uploads\/2024\/05\/logo-ph.png","contentUrl":"https:\/\/psicohabit.es\/wp-content\/uploads\/2024\/05\/logo-ph.png","width":274,"height":144,"caption":"Clinica Psicol\u00f3gica Cristina de Armas"},"image":{"@id":"https:\/\/psicohabit.es\/#\/schema\/logo\/image\/"}}]}},"_links":{"self":[{"href":"https:\/\/psicohabit.es\/en\/wp-json\/wp\/v2\/pages\/985","targetHints":{"allow":["GET"]}}],"collection":[{"href":"https:\/\/psicohabit.es\/en\/wp-json\/wp\/v2\/pages"}],"about":[{"href":"https:\/\/psicohabit.es\/en\/wp-json\/wp\/v2\/types\/page"}],"author":[{"embeddable":true,"href":"https:\/\/psicohabit.es\/en\/wp-json\/wp\/v2\/users\/6"}],"replies":[{"embeddable":true,"href":"https:\/\/psicohabit.es\/en\/wp-json\/wp\/v2\/comments?post=985"}],"version-history":[{"count":7,"href":"https:\/\/psicohabit.es\/en\/wp-json\/wp\/v2\/pages\/985\/revisions"}],"predecessor-version":[{"id":1086,"href":"https:\/\/psicohabit.es\/en\/wp-json\/wp\/v2\/pages\/985\/revisions\/1086"}],"wp:attachment":[{"href":"https:\/\/psicohabit.es\/en\/wp-json\/wp\/v2\/media?parent=985"}],"curies":[{"name":"wp","href":"https:\/\/api.w.org\/{rel}","templated":true}]}}